{"id":1661,"date":"2021-07-14T11:30:10","date_gmt":"2021-07-14T08:30:10","guid":{"rendered":"https:\/\/www.adakangroup.com.tr\/en\/urun\/aeropaw-ska-100\/"},"modified":"2023-01-10T23:45:26","modified_gmt":"2023-01-10T20:45:26","slug":"aeropaw-ska-100","status":"publish","type":"product","link":"https:\/\/www.adakangroup.com.tr\/en\/product\/aeropaw-ska-100\/","title":{"rendered":"AEROPAW SKA-100"},"content":{"rendered":"<p><img loading=\"lazy\" decoding=\"async\" class=\"alignnone size-full wp-image-3736\" src=\"http:\/\/www.adakangroup.com\/en\/wp-content\/uploads\/2020\/01\/Ba\u015fl\u0131ks\u0131z-1-01.png\" alt=\"\" width=\"265\" height=\"265\" \/><img loading=\"lazy\" decoding=\"async\" class=\"alignnone size-full wp-image-3772\" src=\"http:\/\/www.adakangroup.com\/en\/wp-content\/uploads\/2020\/01\/aerosol-ska-100.png\" alt=\"\" width=\"666\" height=\"256\" \/><\/p>\n","protected":false},"excerpt":{"rendered":"<p>SILICON BASED OIL-FREE MOLD SEPERATOR<\/p>\n","protected":false},"featured_media":453,"template":"","meta":{"_et_pb_use_builder":"","_et_pb_old_content":"","_et_gb_content_width":""},"product_cat":[218],"product_tag":[170],"class_list":["post-1661","product","type-product","status-publish","has-post-thumbnail","hentry","product_cat-sprays","product_tag-aeropaw-ska-100"],"_links":{"self":[{"href":"https:\/\/www.adakangroup.com.tr\/en\/wp-json\/wp\/v2\/product\/1661","targetHints":{"allow":["GET"]}}],"collection":[{"href":"https:\/\/www.adakangroup.com.tr\/en\/wp-json\/wp\/v2\/product"}],"about":[{"href":"https:\/\/www.adakangroup.com.tr\/en\/wp-json\/wp\/v2\/types\/product"}],"wp:featuredmedia":[{"embeddable":true,"href":"https:\/\/www.adakangroup.com.tr\/en\/wp-json\/wp\/v2\/media\/453"}],"wp:attachment":[{"href":"https:\/\/www.adakangroup.com.tr\/en\/wp-json\/wp\/v2\/media?parent=1661"}],"wp:term":[{"taxonomy":"product_cat","embeddable":true,"href":"https:\/\/www.adakangroup.com.tr\/en\/wp-json\/wp\/v2\/product_cat?post=1661"},{"taxonomy":"product_tag","embeddable":true,"href":"https:\/\/www.adakangroup.com.tr\/en\/wp-json\/wp\/v2\/product_tag?post=1661"}],"curies":[{"name":"wp","href":"https:\/\/api.w.org\/{rel}","templated":true}]}}