{"id":1660,"date":"2021-07-14T11:30:10","date_gmt":"2021-07-14T08:30:10","guid":{"rendered":"https:\/\/www.adakangroup.com.tr\/en\/urun\/aeropaw-kky-600\/"},"modified":"2023-01-10T23:45:40","modified_gmt":"2023-01-10T20:45:40","slug":"aeropaw-kky-600","status":"publish","type":"product","link":"https:\/\/www.adakangroup.com.tr\/en\/product\/aeropaw-kky-600\/","title":{"rendered":"AEROPAW KKY-600"},"content":{"rendered":"<p><img loading=\"lazy\" decoding=\"async\" class=\"alignnone size-full wp-image-3732\" src=\"http:\/\/www.adakangroup.com\/en\/wp-content\/uploads\/2020\/01\/Ba\u015fl\u0131ks\u0131z-1-02.png\" alt=\"\" width=\"265\" height=\"265\" \/><img loading=\"lazy\" decoding=\"async\" class=\"alignnone size-full wp-image-3771\" src=\"http:\/\/www.adakangroup.com\/en\/wp-content\/uploads\/2020\/01\/aerosol-kky-600.png\" alt=\"\" width=\"666\" height=\"596\" \/><\/p>\n","protected":false},"excerpt":{"rendered":"<p>EASY CLEAN MOLD PROTECTER<\/p>\n","protected":false},"featured_media":454,"template":"","meta":{"_et_pb_use_builder":"","_et_pb_old_content":"","_et_gb_content_width":""},"product_cat":[218],"product_tag":[169],"class_list":["post-1660","product","type-product","status-publish","has-post-thumbnail","hentry","product_cat-sprays","product_tag-aeropaw-kky-600"],"_links":{"self":[{"href":"https:\/\/www.adakangroup.com.tr\/en\/wp-json\/wp\/v2\/product\/1660","targetHints":{"allow":["GET"]}}],"collection":[{"href":"https:\/\/www.adakangroup.com.tr\/en\/wp-json\/wp\/v2\/product"}],"about":[{"href":"https:\/\/www.adakangroup.com.tr\/en\/wp-json\/wp\/v2\/types\/product"}],"wp:featuredmedia":[{"embeddable":true,"href":"https:\/\/www.adakangroup.com.tr\/en\/wp-json\/wp\/v2\/media\/454"}],"wp:attachment":[{"href":"https:\/\/www.adakangroup.com.tr\/en\/wp-json\/wp\/v2\/media?parent=1660"}],"wp:term":[{"taxonomy":"product_cat","embeddable":true,"href":"https:\/\/www.adakangroup.com.tr\/en\/wp-json\/wp\/v2\/product_cat?post=1660"},{"taxonomy":"product_tag","embeddable":true,"href":"https:\/\/www.adakangroup.com.tr\/en\/wp-json\/wp\/v2\/product_tag?post=1660"}],"curies":[{"name":"wp","href":"https:\/\/api.w.org\/{rel}","templated":true}]}}